{"id":613,"date":"2018-03-01T14:53:20","date_gmt":"2018-03-01T19:53:20","guid":{"rendered":"https:\/\/www.udainc.com\/politique-de-confidentialite\/"},"modified":"2022-01-19T08:20:48","modified_gmt":"2022-01-19T13:20:48","slug":"privacy-policy","status":"publish","type":"page","link":"https:\/\/www.udainc.com\/en\/privacy-policy\/","title":{"rendered":"Privacy Policy"},"content":{"rendered":"<h3>Introduction<\/h3>\n<p>With the increasing number of new communication tools available, it\u2019s important to pay special attention to protecting private data. That\u2019s why we\u2019re dedicated to maintaining the confidentiality of the personal information we collect.<\/p>\n<h3>Personal information we collect<\/h3>\n<ul>\n<li>First name<\/li>\n<li>Email address<\/li>\n<li>Phone\/fax number<\/li>\n<\/ul>\n<p>The personal information we collect is obtained through various forms and in the way you interact with our website. As described below, we also use cookies and\/or log files to collect information about you.<\/p>\n<h3>Forms and interacting with the website:<\/h3>\n<p>Your personal information is collected through forms, more specifically:<\/p>\n<ul>\n<li>Website registration form<\/li>\n<\/ul>\n<p>We use the information we collect this way for the following purposes:<\/p>\n<ul>\n<li>Information\/promotional offers<\/li>\n<li>Statistics<\/li>\n<li>Contact information<\/li>\n<\/ul>\n<p>Your information is also collected via your interactions with the website, more specifically:<\/p>\n<ul>\n<li>Correspondence<\/li>\n<\/ul>\n<p>We use the information we collect this way for the following purposes:<\/p>\n<ul>\n<li>Statistics<\/li>\n<li>Contact information<\/li>\n<\/ul>\n<h3>Right of opposition and withdrawal<\/h3>\n<p>We are committed to providing you with the right of opposition and withdrawal with regards to your personal information.<br \/>\nThe right of opposition is the possibility internet users have to refuse that their personal information be used for certain purposes mentioned at the time this information is collected.<\/p>\n<p>The right of withdrawal is the possibility internet users have to demand that their personal information no longer appear on a mailing list for instance.<\/p>\n<p><strong>To exercise these rights:<\/strong><\/p>\n<p>Courriel : uda@udainc.com<\/p>\n<h3>Droit d\u2019acc\u00e8s<\/h3>\n<p>Nous nous engageons \u00e0 reconna\u00eetre un droit d\u2019acc\u00e8s et de rectification aux personnes concern\u00e9es d\u00e9sireuses de consulter, modifier, voire radier les informations les concernant.<\/p>\n<p><strong>L\u2019exercice de ce droit se fera :<\/strong><\/p>\n<p>Email: uda@udainc.com<\/p>\n<h3>Security<\/h3>\n<p>The personal information we collect is stored in a secure environment. The individuals who work for us are required to make sure your information remains confidential.<\/p>\n<p>To ensure your personal information remains secure, we have implemented the following:<\/p>\n<ul>\n<li>SSL protocol<\/li>\n<\/ul>\n<p>We are committed to maintaining a high level of confidentiality and we use the latest technology to ensure your transactions remain private. However, no mechanism offers maximum security and there is always a degree of risk when transmitting your personal information online.<\/p>\n<h3>Legislation<\/h3>\n<p>We commit to complying with the provisions set forth in:<\/p>\n<p>Legislation: Act respecting access to documents held by public bodies and the protection of personal information<\/p>\n","protected":false},"excerpt":{"rendered":"<p>Introduction With the increasing number of new communication tools available, it\u2019s important to pay special attention to protecting private data. That\u2019s why we\u2019re dedicated to maintaining the confidentiality of the personal information we collect. Personal information we collect First name Email address Phone\/fax number The personal information we collect is obtained through various forms and [&hellip;]<\/p>\n","protected":false},"author":1,"featured_media":0,"parent":0,"menu_order":42,"comment_status":"closed","ping_status":"closed","template":"template\/page-min-large.php","meta":{"_acf_changed":false,"footnotes":""},"class_list":["post-613","page","type-page","status-publish","hentry"],"acf":[],"yoast_head":"<!-- This site is optimized with the Yoast SEO plugin v26.6 - https:\/\/yoast.com\/wordpress\/plugins\/seo\/ -->\n<title>Privacy Policy - UDA | Groupe Conseil en environnement<\/title>\n<meta name=\"robots\" content=\"index, follow, max-snippet:-1, max-image-preview:large, max-video-preview:-1\" \/>\n<link rel=\"canonical\" href=\"https:\/\/www.udainc.com\/en\/privacy-policy\/\" \/>\n<meta property=\"og:locale\" content=\"en_US\" \/>\n<meta property=\"og:type\" content=\"article\" \/>\n<meta property=\"og:title\" content=\"Privacy Policy - UDA | Groupe Conseil en environnement\" \/>\n<meta property=\"og:description\" content=\"Introduction With the increasing number of new communication tools available, it\u2019s important to pay special attention to protecting private data. That\u2019s why we\u2019re dedicated to maintaining the confidentiality of the personal information we collect. Personal information we collect First name Email address Phone\/fax number The personal information we collect is obtained through various forms and [&hellip;]\" \/>\n<meta property=\"og:url\" content=\"https:\/\/www.udainc.com\/en\/privacy-policy\/\" \/>\n<meta property=\"og:site_name\" content=\"UDA | Groupe Conseil en environnement\" \/>\n<meta property=\"article:modified_time\" content=\"2022-01-19T13:20:48+00:00\" \/>\n<meta property=\"og:image\" content=\"https:\/\/www.udainc.com\/wp-content\/uploads\/2022\/10\/UDA-1200x628-2022.jpg\" \/>\n\t<meta property=\"og:image:width\" content=\"1200\" \/>\n\t<meta property=\"og:image:height\" content=\"628\" \/>\n\t<meta property=\"og:image:type\" content=\"image\/jpeg\" \/>\n<meta name=\"twitter:card\" content=\"summary_large_image\" \/>\n<meta name=\"twitter:label1\" content=\"Est. reading time\" \/>\n\t<meta name=\"twitter:data1\" content=\"2 minutes\" \/>\n<script type=\"application\/ld+json\" class=\"yoast-schema-graph\">{\"@context\":\"https:\/\/schema.org\",\"@graph\":[{\"@type\":\"WebPage\",\"@id\":\"https:\/\/www.udainc.com\/en\/privacy-policy\/\",\"url\":\"https:\/\/www.udainc.com\/en\/privacy-policy\/\",\"name\":\"Privacy Policy - UDA | Groupe Conseil en environnement\",\"isPartOf\":{\"@id\":\"https:\/\/www.udainc.com\/#website\"},\"datePublished\":\"2018-03-01T19:53:20+00:00\",\"dateModified\":\"2022-01-19T13:20:48+00:00\",\"breadcrumb\":{\"@id\":\"https:\/\/www.udainc.com\/en\/privacy-policy\/#breadcrumb\"},\"inLanguage\":\"en-CA\",\"potentialAction\":[{\"@type\":\"ReadAction\",\"target\":[\"https:\/\/www.udainc.com\/en\/privacy-policy\/\"]}]},{\"@type\":\"BreadcrumbList\",\"@id\":\"https:\/\/www.udainc.com\/en\/privacy-policy\/#breadcrumb\",\"itemListElement\":[{\"@type\":\"ListItem\",\"position\":1,\"name\":\"Accueil\",\"item\":\"https:\/\/www.udainc.com\/en\/\"},{\"@type\":\"ListItem\",\"position\":2,\"name\":\"Privacy Policy\"}]},{\"@type\":\"WebSite\",\"@id\":\"https:\/\/www.udainc.com\/#website\",\"url\":\"https:\/\/www.udainc.com\/\",\"name\":\"UDA | Groupe Conseil en environnement\",\"description\":\"D\u00e9velopper, dans le respect des milieux.\",\"publisher\":{\"@id\":\"https:\/\/www.udainc.com\/#organization\"},\"potentialAction\":[{\"@type\":\"SearchAction\",\"target\":{\"@type\":\"EntryPoint\",\"urlTemplate\":\"https:\/\/www.udainc.com\/?s={search_term_string}\"},\"query-input\":{\"@type\":\"PropertyValueSpecification\",\"valueRequired\":true,\"valueName\":\"search_term_string\"}}],\"inLanguage\":\"en-CA\"},{\"@type\":\"Organization\",\"@id\":\"https:\/\/www.udainc.com\/#organization\",\"name\":\"UDA | Groupe Conseil\",\"url\":\"https:\/\/www.udainc.com\/\",\"logo\":{\"@type\":\"ImageObject\",\"inLanguage\":\"en-CA\",\"@id\":\"https:\/\/www.udainc.com\/#\/schema\/logo\/image\/\",\"url\":\"https:\/\/www.udainc.com\/wp-content\/uploads\/2022\/01\/UDA-groupe-conseil.png\",\"contentUrl\":\"https:\/\/www.udainc.com\/wp-content\/uploads\/2022\/01\/UDA-groupe-conseil.png\",\"width\":206,\"height\":60,\"caption\":\"UDA | Groupe Conseil\"},\"image\":{\"@id\":\"https:\/\/www.udainc.com\/#\/schema\/logo\/image\/\"},\"sameAs\":[\"https:\/\/www.linkedin.com\/company\/groupe-conseil-uda-inc\"]}]}<\/script>\n<!-- \/ Yoast SEO plugin. -->","yoast_head_json":{"title":"Privacy Policy - UDA | Groupe Conseil en environnement","robots":{"index":"index","follow":"follow","max-snippet":"max-snippet:-1","max-image-preview":"max-image-preview:large","max-video-preview":"max-video-preview:-1"},"canonical":"https:\/\/www.udainc.com\/en\/privacy-policy\/","og_locale":"en_US","og_type":"article","og_title":"Privacy Policy - UDA | Groupe Conseil en environnement","og_description":"Introduction With the increasing number of new communication tools available, it\u2019s important to pay special attention to protecting private data. That\u2019s why we\u2019re dedicated to maintaining the confidentiality of the personal information we collect. Personal information we collect First name Email address Phone\/fax number The personal information we collect is obtained through various forms and [&hellip;]","og_url":"https:\/\/www.udainc.com\/en\/privacy-policy\/","og_site_name":"UDA | Groupe Conseil en environnement","article_modified_time":"2022-01-19T13:20:48+00:00","og_image":[{"width":1200,"height":628,"url":"https:\/\/www.udainc.com\/wp-content\/uploads\/2022\/10\/UDA-1200x628-2022.jpg","type":"image\/jpeg"}],"twitter_card":"summary_large_image","twitter_misc":{"Est. reading time":"2 minutes"},"schema":{"@context":"https:\/\/schema.org","@graph":[{"@type":"WebPage","@id":"https:\/\/www.udainc.com\/en\/privacy-policy\/","url":"https:\/\/www.udainc.com\/en\/privacy-policy\/","name":"Privacy Policy - UDA | Groupe Conseil en environnement","isPartOf":{"@id":"https:\/\/www.udainc.com\/#website"},"datePublished":"2018-03-01T19:53:20+00:00","dateModified":"2022-01-19T13:20:48+00:00","breadcrumb":{"@id":"https:\/\/www.udainc.com\/en\/privacy-policy\/#breadcrumb"},"inLanguage":"en-CA","potentialAction":[{"@type":"ReadAction","target":["https:\/\/www.udainc.com\/en\/privacy-policy\/"]}]},{"@type":"BreadcrumbList","@id":"https:\/\/www.udainc.com\/en\/privacy-policy\/#breadcrumb","itemListElement":[{"@type":"ListItem","position":1,"name":"Accueil","item":"https:\/\/www.udainc.com\/en\/"},{"@type":"ListItem","position":2,"name":"Privacy Policy"}]},{"@type":"WebSite","@id":"https:\/\/www.udainc.com\/#website","url":"https:\/\/www.udainc.com\/","name":"UDA | Groupe Conseil en environnement","description":"D\u00e9velopper, dans le respect des milieux.","publisher":{"@id":"https:\/\/www.udainc.com\/#organization"},"potentialAction":[{"@type":"SearchAction","target":{"@type":"EntryPoint","urlTemplate":"https:\/\/www.udainc.com\/?s={search_term_string}"},"query-input":{"@type":"PropertyValueSpecification","valueRequired":true,"valueName":"search_term_string"}}],"inLanguage":"en-CA"},{"@type":"Organization","@id":"https:\/\/www.udainc.com\/#organization","name":"UDA | Groupe Conseil","url":"https:\/\/www.udainc.com\/","logo":{"@type":"ImageObject","inLanguage":"en-CA","@id":"https:\/\/www.udainc.com\/#\/schema\/logo\/image\/","url":"https:\/\/www.udainc.com\/wp-content\/uploads\/2022\/01\/UDA-groupe-conseil.png","contentUrl":"https:\/\/www.udainc.com\/wp-content\/uploads\/2022\/01\/UDA-groupe-conseil.png","width":206,"height":60,"caption":"UDA | Groupe Conseil"},"image":{"@id":"https:\/\/www.udainc.com\/#\/schema\/logo\/image\/"},"sameAs":["https:\/\/www.linkedin.com\/company\/groupe-conseil-uda-inc"]}]}},"_links":{"self":[{"href":"https:\/\/www.udainc.com\/en\/wp-json\/wp\/v2\/pages\/613","targetHints":{"allow":["GET"]}}],"collection":[{"href":"https:\/\/www.udainc.com\/en\/wp-json\/wp\/v2\/pages"}],"about":[{"href":"https:\/\/www.udainc.com\/en\/wp-json\/wp\/v2\/types\/page"}],"author":[{"embeddable":true,"href":"https:\/\/www.udainc.com\/en\/wp-json\/wp\/v2\/users\/1"}],"replies":[{"embeddable":true,"href":"https:\/\/www.udainc.com\/en\/wp-json\/wp\/v2\/comments?post=613"}],"version-history":[{"count":9,"href":"https:\/\/www.udainc.com\/en\/wp-json\/wp\/v2\/pages\/613\/revisions"}],"predecessor-version":[{"id":944,"href":"https:\/\/www.udainc.com\/en\/wp-json\/wp\/v2\/pages\/613\/revisions\/944"}],"wp:attachment":[{"href":"https:\/\/www.udainc.com\/en\/wp-json\/wp\/v2\/media?parent=613"}],"curies":[{"name":"wp","href":"https:\/\/api.w.org\/{rel}","templated":true}]}}